{"id":30,"date":"2013-10-31T23:31:32","date_gmt":"2013-10-31T22:31:32","guid":{"rendered":"http:\/\/dfb-lohr.bplaced.net\/WordPress\/?page_id=30"},"modified":"2013-11-17T22:38:52","modified_gmt":"2013-11-17T21:38:52","slug":"kontakt","status":"publish","type":"page","link":"https:\/\/www.dfb-lohr.de\/?page_id=30","title":{"rendered":"Kontakt"},"content":{"rendered":"<p>Sie w\u00fcrden gerne mit uns Kontakt aufnehmen?<br \/>\nGanz einfach!<br \/>\nF\u00fcllen Sie das nachstehende Formular aus, beantworten die Rechenaufgabe und schon<br \/>\nist der Kontakt gekn\u00fcpft.<\/p>\n<p>&nbsp;<\/p>\n<p><a href=\"http:\/\/www.dfb-lohr.de\/wp-content\/uploads\/2013\/10\/Fotolia_48898215_XS.jpg\"><img decoding=\"async\" loading=\"lazy\" class=\"alignnone size-medium wp-image-130\" alt=\"Sie haben Fragen Wir helfen Ihnen\" src=\"http:\/\/www.dfb-lohr.de\/wp-content\/uploads\/2013\/10\/Fotolia_48898215_XS-300x201.jpg\" width=\"300\" height=\"201\" srcset=\"https:\/\/www.dfb-lohr.de\/wp-content\/uploads\/2013\/10\/Fotolia_48898215_XS-300x201.jpg 300w, https:\/\/www.dfb-lohr.de\/wp-content\/uploads\/2013\/10\/Fotolia_48898215_XS.jpg 423w\" sizes=\"(max-width: 300px) 100vw, 300px\" \/><\/a><\/p>\n<p>&nbsp;<\/p>\n\n<div class=\"wpcf7 no-js\" id=\"wpcf7-f29-o1\" lang=\"de-DE\" dir=\"ltr\">\n<div class=\"screen-reader-response\"><p role=\"status\" aria-live=\"polite\" aria-atomic=\"true\"><\/p> <ul><\/ul><\/div>\n<form action=\"\/index.php?rest_route=%2Fwp%2Fv2%2Fpages%2F30#wpcf7-f29-o1\" method=\"post\" class=\"wpcf7-form init\" aria-label=\"Kontaktformular\" novalidate=\"novalidate\" data-status=\"init\">\n<div style=\"display: none;\">\n<input type=\"hidden\" name=\"_wpcf7\" value=\"29\" \/>\n<input type=\"hidden\" name=\"_wpcf7_version\" value=\"5.9\" \/>\n<input type=\"hidden\" name=\"_wpcf7_locale\" value=\"de_DE\" \/>\n<input type=\"hidden\" name=\"_wpcf7_unit_tag\" value=\"wpcf7-f29-o1\" \/>\n<input type=\"hidden\" name=\"_wpcf7_container_post\" value=\"0\" \/>\n<input type=\"hidden\" name=\"_wpcf7_posted_data_hash\" value=\"\" \/>\n<\/div>\n<p>Ihr Name (Pflichtfeld)\n<\/p>\n<p><span class=\"wpcf7-form-control-wrap\" data-name=\"your-name\"><input size=\"40\" class=\"wpcf7-form-control wpcf7-text wpcf7-validates-as-required\" aria-required=\"true\" aria-invalid=\"false\" value=\"\" type=\"text\" name=\"your-name\" \/><\/span>\n<\/p>\n<p>Ihre E-Mail-Adresse (Pflichtfeld)\n<\/p>\n<p><span class=\"wpcf7-form-control-wrap\" data-name=\"your-email\"><input size=\"40\" class=\"wpcf7-form-control wpcf7-email wpcf7-validates-as-required wpcf7-text wpcf7-validates-as-email\" aria-required=\"true\" aria-invalid=\"false\" value=\"\" type=\"email\" name=\"your-email\" \/><\/span>\n<\/p>\n<p>Betreff\n<\/p>\n<p><span class=\"wpcf7-form-control-wrap\" data-name=\"your-subject\"><input size=\"40\" class=\"wpcf7-form-control wpcf7-text\" aria-invalid=\"false\" value=\"\" type=\"text\" name=\"your-subject\" \/><\/span>\n<\/p>\n<p>Ihre Nachricht\n<\/p>\n<p><span class=\"wpcf7-form-control-wrap\" data-name=\"your-message\"><textarea cols=\"40\" rows=\"10\" class=\"wpcf7-form-control wpcf7-textarea\" aria-invalid=\"false\" name=\"your-message\"><\/textarea><\/span>\n<\/p>\n<p>Aus Sicherheitsgr\u00fcnden kommen hier noch zwei fragen!\n<\/p>\n<p>Bitte l\u00f6sen Sie die Rechenaufgabe\n<\/p>\n<p><span class=\"wpcf7-form-control-wrap\" data-name=\"quiz-669\"><label><span class=\"wpcf7-quiz-label\">5*5+(2+3)=?<\/span> <input size=\"40\" class=\"wpcf7-form-control wpcf7-quiz\" autocomplete=\"off\" aria-required=\"true\" aria-invalid=\"false\" type=\"text\" name=\"quiz-669\" \/><\/label><input type=\"hidden\" name=\"_wpcf7_quiz_answer_quiz-669\" value=\"a611e8cd006dd4783b17c86ba55c1d67\" \/><\/span>\n<\/p>\n<p><input class=\"wpcf7-form-control wpcf7-submit has-spinner\" type=\"submit\" value=\"Senden\" \/>\n<\/p><div class=\"wpcf7-response-output\" aria-hidden=\"true\"><\/div>\n<\/form>\n<\/div>\n\n","protected":false},"excerpt":{"rendered":"<p>Sie w\u00fcrden gerne mit uns Kontakt aufnehmen? Ganz einfach! F\u00fcllen Sie das nachstehende Formular aus, beantworten die Rechenaufgabe und schon ist der Kontakt gekn\u00fcpft. &nbsp; &nbsp;<\/p>\n","protected":false},"author":1,"featured_media":0,"parent":0,"menu_order":3,"comment_status":"closed","ping_status":"closed","template":"","meta":{"footnotes":""},"_links":{"self":[{"href":"https:\/\/www.dfb-lohr.de\/index.php?rest_route=\/wp\/v2\/pages\/30"}],"collection":[{"href":"https:\/\/www.dfb-lohr.de\/index.php?rest_route=\/wp\/v2\/pages"}],"about":[{"href":"https:\/\/www.dfb-lohr.de\/index.php?rest_route=\/wp\/v2\/types\/page"}],"author":[{"embeddable":true,"href":"https:\/\/www.dfb-lohr.de\/index.php?rest_route=\/wp\/v2\/users\/1"}],"replies":[{"embeddable":true,"href":"https:\/\/www.dfb-lohr.de\/index.php?rest_route=%2Fwp%2Fv2%2Fcomments&post=30"}],"version-history":[{"count":4,"href":"https:\/\/www.dfb-lohr.de\/index.php?rest_route=\/wp\/v2\/pages\/30\/revisions"}],"predecessor-version":[{"id":132,"href":"https:\/\/www.dfb-lohr.de\/index.php?rest_route=\/wp\/v2\/pages\/30\/revisions\/132"}],"wp:attachment":[{"href":"https:\/\/www.dfb-lohr.de\/index.php?rest_route=%2Fwp%2Fv2%2Fmedia&parent=30"}],"curies":[{"name":"wp","href":"https:\/\/api.w.org\/{rel}","templated":true}]}}