{"id":2,"date":"2013-10-31T19:18:14","date_gmt":"2013-10-31T18:18:14","guid":{"rendered":"http:\/\/dfb-lohr.bplaced.net\/WordPress\/?page_id=2"},"modified":"2013-12-10T21:18:31","modified_gmt":"2013-12-10T20:18:31","slug":"vorstellung-des-dfb","status":"publish","type":"page","link":"https:\/\/www.dfb-lohr.de\/?page_id=2","title":{"rendered":"Wer sind wir?"},"content":{"rendered":"<div align=\"left\"><strong>Deutscher Fach-\u00a0 und Berufsverband der Gie\u00dfereiindustrie e. V.<br \/>\n<\/strong><strong>Mehr als nur ein Verein.<\/strong>Der im Jahre 1906 gegr\u00fcndete Deutsche-Formermeister-Bund e.V. wurde im Jahre 1933 im Zuge der Gleichschaltung in den Werksmeisterverband eingegliedert und als selbstst\u00e4ndige Verein aufgel\u00f6st.Die Neugr\u00fcndung erfolgte am 09.07.1949 in M\u00fclheim a. d. Ruhr\u00a0<strong><br \/>\n<\/strong><\/div>\n<div align=\"left\">Wir haben uns zur Aufgabe gestellt, alle Fachleute gie\u00dfereitechnischer, sowie gie\u00dfereinaher Berufe zu vereinigen und die beruflichen Interessen unter Wahrung der politischen, gewerkschaftlichen und religi\u00f6sen Neutralit\u00e4t zu f\u00f6rdern.<\/div>\n<div align=\"left\"><\/div>\n<div align=\"left\">Dies soll erreicht werden durch:<br \/>\nBesuch der regelm\u00e4\u00dfigen stattfindenden Fachversammlungen,<br \/>\nAustausch von Berufserfahrungen,<br \/>\nAustausch und Diskussion \u00fcber neue Methoden und Erkenntnisse in der Gie\u00dferei-Industrie,<br \/>\nTeilnahme an Lehrg\u00e4ngen, Fachvortr\u00e4gen und Werkbesichtigungen,<br \/>\nPflege der Kollegialit\u00e4t, Aufrechterhaltung und Erneuerung von Bekanntschaften unter den Mitgliedern,<br \/>\nKontaktb\u00f6rse und Stellennachweis f\u00fcr alle ordentlichen Mitglieder,<br \/>\nF\u00f6rderung des beruflichen Nachwuchses<br \/>\nZusammenarbeit mit anderen Fachorganisationen zwecks F\u00f6rderung des DFB und dessen Mitglieder,<br \/>\nAufnahme und Ausbau von Beziehungen zu verwandten Berufsorganisationen im In- und Ausland,<strong>Wenn wir ihre Interesse geweckt haben dann schauen Sie doch einfach mal auf\u00a0<\/strong><\/div>\n<div align=\"left\"><strong>die <a title=\"DFB-Webseite\" href=\"http:\/\/www.dfb-info.de\" target=\"_blank\">&#8222;offizielle Website des DFB&#8220;<\/a> und sehen nach, wo der n\u00e4chst gelegene Ortsverein zuhause ist.<\/strong><\/div>\n<div align=\"left\"><\/div>\n","protected":false},"excerpt":{"rendered":"<p>Deutscher Fach-\u00a0 und Berufsverband der Gie\u00dfereiindustrie e. V. Mehr als nur ein Verein.Der im Jahre 1906 gegr\u00fcndete Deutsche-Formermeister-Bund e.V. wurde im Jahre 1933 im Zuge der Gleichschaltung in den Werksmeisterverband eingegliedert und als selbstst\u00e4ndige Verein aufgel\u00f6st.Die Neugr\u00fcndung erfolgte am 09.07.1949 in M\u00fclheim a. d. Ruhr\u00a0 Wir haben uns zur Aufgabe gestellt, alle Fachleute gie\u00dfereitechnischer, sowie <span class=\"ellipsis\">&hellip;<\/span> <span class=\"more-link-wrap\"><a href=\"https:\/\/www.dfb-lohr.de\/?page_id=2\" class=\"more-link\"><span>Continue Reading &rarr;<\/span><\/a><\/span><\/p>\n","protected":false},"author":1,"featured_media":0,"parent":0,"menu_order":1,"comment_status":"closed","ping_status":"closed","template":"","meta":{"footnotes":""},"_links":{"self":[{"href":"https:\/\/www.dfb-lohr.de\/index.php?rest_route=\/wp\/v2\/pages\/2"}],"collection":[{"href":"https:\/\/www.dfb-lohr.de\/index.php?rest_route=\/wp\/v2\/pages"}],"about":[{"href":"https:\/\/www.dfb-lohr.de\/index.php?rest_route=\/wp\/v2\/types\/page"}],"author":[{"embeddable":true,"href":"https:\/\/www.dfb-lohr.de\/index.php?rest_route=\/wp\/v2\/users\/1"}],"replies":[{"embeddable":true,"href":"https:\/\/www.dfb-lohr.de\/index.php?rest_route=%2Fwp%2Fv2%2Fcomments&post=2"}],"version-history":[{"count":4,"href":"https:\/\/www.dfb-lohr.de\/index.php?rest_route=\/wp\/v2\/pages\/2\/revisions"}],"predecessor-version":[{"id":166,"href":"https:\/\/www.dfb-lohr.de\/index.php?rest_route=\/wp\/v2\/pages\/2\/revisions\/166"}],"wp:attachment":[{"href":"https:\/\/www.dfb-lohr.de\/index.php?rest_route=%2Fwp%2Fv2%2Fmedia&parent=2"}],"curies":[{"name":"wp","href":"https:\/\/api.w.org\/{rel}","templated":true}]}}