{"id":19,"date":"2013-10-31T21:57:47","date_gmt":"2013-10-31T20:57:47","guid":{"rendered":"http:\/\/dfb-lohr.bplaced.net\/WordPress\/?page_id=19"},"modified":"2026-01-05T11:19:13","modified_gmt":"2026-01-05T10:19:13","slug":"die-vorstandschaft","status":"publish","type":"page","link":"https:\/\/www.dfb-lohr.de\/?page_id=19","title":{"rendered":"Die Vorstandschaft"},"content":{"rendered":"<p>In die Vorstandschaft des DFB &#8211; Ortsvereins Lohr am Main sind folgende Personen bestellt:<\/p>\n<p>1. Vorsitzender<\/p>\n<p>Holger Hartig<br \/>\n<a href=\"mailto:holger.hartig@dfb-lohr.de\">E-Mail<\/a><\/p>\n<p>2. Vorsitzender<\/p>\n<p>Stephan M\u00fchlon<br \/>\n<a href=\"mailto:stephan.muehlon@dfb-lohr.de\">E-Mail<\/a><\/p>\n<p>1. Kassier<\/p>\n<p>Johannes Baunach<br \/>\n<a href=\"mailto:johannes.baunach@dfb-lohr.de\">E-Mail<\/a><\/p>\n<p>2. Kassier<\/p>\n<p>Katharina Bohlender<br \/>\n<a href=\"mailto:katharina.bohlender@dfb-lohr.de\" target=\"_blank\" rel=\"noopener\">E-Mail<\/a><\/p>\n<p>Schriftf\u00fchrer<\/p>\n<p>Peter K\u00fcbert<br \/>\n<a href=\"mailto:peter.kuebert@dfb-lohr.de\">E-Mail<\/a><\/p>\n<p>Kassenpr\u00fcfer:<\/p>\n<p>Werner Neun und Richard Weis<\/p>\n<p>Um mit uns Kontakt aufnehmen zu k\u00f6nnen, klicken Sie bitte auf den Men\u00fc &#8211; Reiter &#8222;<a title=\"Kontakt\" href=\"http:\/\/www.dfb-lohr.de\/?page_id=30\">Kontakt<\/a>&#8222;.<br \/>\nGerne werden wir ihnen antworten. Sollten Sie gezielt an eine Person der Vorstandschaft schreiben wollen,<br \/>\nklicken Sie bitte auf den Link &#8222;E-Mail&#8220; unter dem jeweiligen Namen.<\/p>\n","protected":false},"excerpt":{"rendered":"<p>In die Vorstandschaft des DFB &#8211; Ortsvereins Lohr am Main sind folgende Personen bestellt: 1. Vorsitzender Holger Hartig E-Mail 2. Vorsitzender Stephan M\u00fchlon E-Mail 1. Kassier Johannes Baunach E-Mail 2. Kassier Katharina Bohlender E-Mail Schriftf\u00fchrer Peter K\u00fcbert E-Mail Kassenpr\u00fcfer: Werner Neun und Richard Weis Um mit uns Kontakt aufnehmen zu k\u00f6nnen, klicken Sie bitte auf <span class=\"ellipsis\">&hellip;<\/span> <span class=\"more-link-wrap\"><a href=\"https:\/\/www.dfb-lohr.de\/?page_id=19\" class=\"more-link\"><span>Continue Reading &rarr;<\/span><\/a><\/span><\/p>\n","protected":false},"author":1,"featured_media":0,"parent":0,"menu_order":2,"comment_status":"closed","ping_status":"closed","template":"","meta":{"footnotes":""},"_links":{"self":[{"href":"https:\/\/www.dfb-lohr.de\/index.php?rest_route=\/wp\/v2\/pages\/19"}],"collection":[{"href":"https:\/\/www.dfb-lohr.de\/index.php?rest_route=\/wp\/v2\/pages"}],"about":[{"href":"https:\/\/www.dfb-lohr.de\/index.php?rest_route=\/wp\/v2\/types\/page"}],"author":[{"embeddable":true,"href":"https:\/\/www.dfb-lohr.de\/index.php?rest_route=\/wp\/v2\/users\/1"}],"replies":[{"embeddable":true,"href":"https:\/\/www.dfb-lohr.de\/index.php?rest_route=%2Fwp%2Fv2%2Fcomments&post=19"}],"version-history":[{"count":13,"href":"https:\/\/www.dfb-lohr.de\/index.php?rest_route=\/wp\/v2\/pages\/19\/revisions"}],"predecessor-version":[{"id":682,"href":"https:\/\/www.dfb-lohr.de\/index.php?rest_route=\/wp\/v2\/pages\/19\/revisions\/682"}],"wp:attachment":[{"href":"https:\/\/www.dfb-lohr.de\/index.php?rest_route=%2Fwp%2Fv2%2Fmedia&parent=19"}],"curies":[{"name":"wp","href":"https:\/\/api.w.org\/{rel}","templated":true}]}}